{"id":660,"date":"2015-11-17T12:11:58","date_gmt":"2015-11-17T03:11:58","guid":{"rendered":"http:\/\/biz.tsujita.co.jp\/?page_id=660"},"modified":"2024-08-22T10:00:16","modified_gmt":"2024-08-22T01:00:16","slug":"%e3%81%94%e8%b3%bc%e5%85%a5%e3%81%ae%e3%81%8a%e5%ae%a2%e6%a7%98","status":"publish","type":"page","link":"https:\/\/fudousan-j.com\/?page_id=660","title":{"rendered":"\u3054\u8cfc\u5165\u76f8\u8ac7\u306e\u304a\u5ba2\u69d8"},"content":{"rendered":"<div id=\"form\" class=\"col-md-6\">\n<div role=\"form\" class=\"wpcf7\" id=\"wpcf7-f994-o1\" lang=\"ja\" dir=\"ltr\">\n<div class=\"screen-reader-response\"><\/div>\n<form action=\"\/index.php?rest_route=%2Fwp%2Fv2%2Fpages%2F660#wpcf7-f994-o1\" method=\"post\" class=\"wpcf7-form\" novalidate=\"novalidate\">\n<div style=\"display: none;\">\n<input type=\"hidden\" name=\"_wpcf7\" value=\"994\" \/>\n<input type=\"hidden\" name=\"_wpcf7_version\" value=\"4.3.1\" \/>\n<input type=\"hidden\" name=\"_wpcf7_locale\" value=\"ja\" \/>\n<input type=\"hidden\" name=\"_wpcf7_unit_tag\" value=\"wpcf7-f994-o1\" \/>\n<input type=\"hidden\" name=\"_wpnonce\" value=\"b942260678\" \/>\n<\/div>\n<div class=\"list-group\">\n<div class=\"list-group-item list-group-item-warning\">\u3054\u8cfc\u5165\u76f8\u8ac7\u30d5\u30a9\u30fc\u30e0<\/div>\n<div class=\"list-group-item\">\n<p>\u7269\u4ef6\u306e\u7a2e\u985e\u3010\u4e8b\u696d\u7528\u30fb\u6295\u8cc7\u7528\u58f2\u8cb7\u7269\u4ef6\u3011 <span class=\"text-danger\">(\u5fc5\u9808)<\/span><br \/>\n    <span class=\"wpcf7-form-control-wrap checkbox-bukken-class\"><span class=\"wpcf7-form-control wpcf7-checkbox\"><span class=\"wpcf7-list-item first\"><input type=\"checkbox\" name=\"checkbox-bukken-class[]\" value=\"\u30d3\u30eb\u30fb\u30de\u30f3\u30b7\u30e7\u30f3\uff08\u4e00\u68df\u58f2\u308a\uff09\" \/>&nbsp;<span class=\"wpcf7-list-item-label\">\u30d3\u30eb\u30fb\u30de\u30f3\u30b7\u30e7\u30f3\uff08\u4e00\u68df\u58f2\u308a\uff09<\/span><\/span><span class=\"wpcf7-list-item\"><input type=\"checkbox\" name=\"checkbox-bukken-class[]\" value=\"\u30de\u30f3\u30b7\u30e7\u30f3\" \/>&nbsp;<span class=\"wpcf7-list-item-label\">\u30de\u30f3\u30b7\u30e7\u30f3<\/span><\/span><span class=\"wpcf7-list-item last\"><input type=\"checkbox\" name=\"checkbox-bukken-class[]\" value=\"\u571f\u5730\" \/>&nbsp;<span class=\"wpcf7-list-item-label\">\u571f\u5730<\/span><\/span><\/span><\/span><\/p>\n<hr>\n<p>\u5efa\u7269\u9762\u7a4d <\/p>\n<div class=\"form-inline\">\n<div class=\"form-group\">\n    <span class=\"wpcf7-form-control-wrap text-billsquare-m2\"><input type=\"text\" name=\"text-billsquare-m2\" value=\"\" size=\"6\" class=\"wpcf7-form-control wpcf7-text form-control\" aria-invalid=\"false\" \/><\/span> m<sup>2<\/sup>\u30fb<span class=\"wpcf7-form-control-wrap text-billsquare-tsubo\"><input type=\"text\" name=\"text-billsquare-tsubo\" value=\"\" size=\"6\" class=\"wpcf7-form-control wpcf7-text form-control\" aria-invalid=\"false\" \/><\/span>\u576a\n  <\/div>\n<\/div>\n<p>(\u3069\u3061\u3089\u304b\u304a\u66f8\u304d\u4e0b\u3055\u3044)<\/p>\n<hr>\n<p>\u571f\u5730\u9762\u7a4d <\/p>\n<div class=\"form-inline\">\n<div class=\"form-group\">\n    <span class=\"wpcf7-form-control-wrap text-landsquare-m2\"><input type=\"text\" name=\"text-landsquare-m2\" value=\"\" size=\"6\" class=\"wpcf7-form-control wpcf7-text form-control\" aria-invalid=\"false\" \/><\/span> m<sup>2<\/sup>\u30fb<span class=\"wpcf7-form-control-wrap text-landsquare-tsubo\"><input type=\"text\" name=\"text-landsquare-tsubo\" value=\"\" size=\"6\" class=\"wpcf7-form-control wpcf7-text form-control\" aria-invalid=\"false\" \/><\/span>\u576a\n  <\/div>\n<\/div>\n<p>(\u3069\u3061\u3089\u304b\u304a\u66f8\u304d\u4e0b\u3055\u3044)<\/p>\n<hr>\n<p>\u5c02\u6709\u9762\u7a4d\u30fb\u9593\u53d6\u308a <\/p>\n<div class=\"form-inline\">\n<div class=\"form-group\">\n    \u5c02\u6709\u9762\u7a4d<span class=\"wpcf7-form-control-wrap text-quare-m2\"><input type=\"text\" name=\"text-quare-m2\" value=\"\" size=\"6\" class=\"wpcf7-form-control wpcf7-text form-control\" aria-invalid=\"false\" \/><\/span> m<sup>2<\/sup>\u30fb\u9593\u53d6\u308a<span class=\"wpcf7-form-control-wrap text-madori\"><input type=\"text\" name=\"text-madori\" value=\"\" size=\"6\" class=\"wpcf7-form-control wpcf7-text form-control\" aria-invalid=\"false\" \/><\/span>DK\n  <\/div>\n<\/div>\n<hr>\n<p>\u3054\u4e88\u7b97 <\/p>\n<div class=\"form-inline\">\n<div class=\"form-group\">\n    \u7d04<span class=\"wpcf7-form-control-wrap price\"><input type=\"text\" name=\"price\" value=\"\" size=\"16\" class=\"wpcf7-form-control wpcf7-text form-control\" aria-invalid=\"false\" \/><\/span>\u4e07\u5186\n  <\/div>\n<\/div>\n<hr>\n<p>\u3054\u5e0c\u671b\u306e\u5730\u57df<br \/>\n    <span class=\"wpcf7-form-control-wrap bukken-address\"><input type=\"text\" name=\"bukken-address\" value=\"\" size=\"20\" class=\"wpcf7-form-control wpcf7-text form-control\" aria-invalid=\"false\" placeholder=\"\u4f8b\uff1a\u6c34\u6238\u5e02\u57ce\u5357\u25cb\u4e01\u76ee\u25cb\u25cb\u756a\u5730\" \/><\/span> <\/p>\n<hr>\n<p>\u3054\u8981\u671b\u306a\u3069<br \/>\n    <span class=\"wpcf7-form-control-wrap your-sentense\"><textarea name=\"your-sentense\" cols=\"20\" rows=\"6\" class=\"wpcf7-form-control wpcf7-textarea form-control\" aria-invalid=\"false\"><\/textarea><\/span> <\/p>\n<\/div>\n<div class=\"list-group-item list-group-item-warning\">\u3054\u58f2\u5374\u76f8\u8ac7\u30d5\u30a9\u30fc\u30e0<\/div>\n<div class=\"list-group-item\">\n<p>\u500b\u4eba\/\u6cd5\u4eba <span class=\"text-danger\">(\u5fc5\u9808)<\/span><br \/>\n    <span class=\"wpcf7-form-control-wrap checkbox-syubetsu\"><span class=\"wpcf7-form-control wpcf7-checkbox wpcf7-validates-as-required\"><span class=\"wpcf7-list-item first\"><input type=\"checkbox\" name=\"checkbox-syubetsu[]\" value=\"\u500b\u4eba\" \/>&nbsp;<span class=\"wpcf7-list-item-label\">\u500b\u4eba<\/span><\/span><span class=\"wpcf7-list-item last\"><input type=\"checkbox\" name=\"checkbox-syubetsu[]\" value=\"\u6cd5\u4eba\" \/>&nbsp;<span class=\"wpcf7-list-item-label\">\u6cd5\u4eba<\/span><\/span><\/span><\/span> <\/p>\n<p>\u304a\u540d\u524d <span class=\"text-danger\">(\u5fc5\u9808)<\/span><br \/>\n    <span class=\"wpcf7-form-control-wrap your-name\"><input type=\"text\" name=\"your-name\" value=\"\" size=\"20\" class=\"wpcf7-form-control wpcf7-text wpcf7-validates-as-required form-control\" aria-required=\"true\" aria-invalid=\"false\" placeholder=\"\u4f8b\uff1a\u5c71\u7530\u3000\u592a\u90ce\" \/><\/span> <\/p>\n<p>\u30d5\u30ea\u30ac\u30ca <span class=\"text-danger\">(\u5fc5\u9808)<\/span><br \/>\n    <span class=\"wpcf7-form-control-wrap your-kana\"><input type=\"text\" name=\"your-kana\" value=\"\" size=\"20\" class=\"wpcf7-form-control wpcf7-text wpcf7-validates-as-required form-control\" aria-required=\"true\" aria-invalid=\"false\" placeholder=\"\u4f8b\uff1a\u30e4\u30de\u30c0\u3000\u30bf\u30ed\u30a6\" \/><\/span> <\/p>\n<p>\u90f5\u4fbf\u756a\u53f7 <span class=\"text-danger\">(\u5fc5\u9808)<\/span><br \/>\n    <span class=\"wpcf7-form-control-wrap zip-code\"><input type=\"text\" name=\"zip-code\" value=\"\" size=\"20\" class=\"wpcf7-form-control wpcf7-text wpcf7-validates-as-required form-control\" aria-required=\"true\" aria-invalid=\"false\" placeholder=\"\u4f8b\uff1a310-0803\" \/><\/span> <\/p>\n<p>\u3054\u4f4f\u6240 <span class=\"text-danger\">(\u5fc5\u9808)<\/span><br \/>\n    <span class=\"wpcf7-form-control-wrap address\"><input type=\"text\" name=\"address\" value=\"\" size=\"20\" class=\"wpcf7-form-control wpcf7-text wpcf7-validates-as-required form-control\" aria-required=\"true\" aria-invalid=\"false\" placeholder=\"\u4f8b\uff1a\u6c34\u6238\u5e02\u57ce\u5357\uff58\uff58\uff58\" \/><\/span> <\/p>\n<p>\u30a2\u30d1\u30fc\u30c8\u30fb\u30de\u30f3\u30b7\u30e7\u30f3\u540d <br \/>\n    <span class=\"wpcf7-form-control-wrap apartname\"><input type=\"text\" name=\"apartname\" value=\"\" size=\"20\" class=\"wpcf7-form-control wpcf7-text form-control\" aria-invalid=\"false\" placeholder=\"\u4f8b\uff1a\u25cf\u25cf\u30de\u30f3\u30b7\u30e7\u30f3101\" \/><\/span> <\/p>\n<p>\u5e74\u9f62 <\/p>\n<div class=\"form-inline\">\n<div class=\"form-group\">\n    <span class=\"wpcf7-form-control-wrap your-older\"><input type=\"number\" name=\"your-older\" value=\"\" class=\"wpcf7-form-control wpcf7-number wpcf7-validates-as-required wpcf7-validates-as-number form-control\" min=\"0\" max=\"99\" aria-required=\"true\" aria-invalid=\"false\" \/><\/span> \u6b73\n  <\/div>\n<\/div>\n<p>\u96fb\u8a71\u756a\u53f7 <span class=\"text-danger\">(\u5fc5\u9808)<\/span><br \/>\n    <span class=\"wpcf7-form-control-wrap your-tel\"><input type=\"number\" name=\"your-tel\" value=\"\" class=\"wpcf7-form-control wpcf7-number wpcf7-validates-as-required wpcf7-validates-as-number form-control\" aria-required=\"true\" aria-invalid=\"false\" placeholder=\"\u4f8b\uff1a0296-222-xxxx\" \/><\/span> <\/p>\n<p>\u30e1\u30fc\u30eb\u30a2\u30c9\u30ec\u30b9 <span class=\"text-danger\">(\u5fc5\u9808)<\/span><br \/>\n    <span class=\"wpcf7-form-control-wrap your-email\"><input type=\"email\" name=\"your-email\" value=\"\" size=\"20\" class=\"wpcf7-form-control wpcf7-text wpcf7-email wpcf7-validates-as-required wpcf7-validates-as-email form-control\" aria-required=\"true\" aria-invalid=\"false\" placeholder=\"\u4f8b\uff1a\u00d7\u00d7\u00d7@\u00d7\u00d7\u00d7.com\" \/><\/span> <\/p>\n<p>\u305d\u306e\u4ed6<br \/>\n    <span class=\"wpcf7-form-control-wrap your-message\"><textarea name=\"your-message\" cols=\"20\" rows=\"6\" class=\"wpcf7-form-control wpcf7-textarea form-control\" aria-invalid=\"false\"><\/textarea><\/span> <\/p>\n<\/div>\n<p><input type=\"submit\" value=\"\u9001\u4fe1\" class=\"wpcf7-form-control wpcf7-submit btn btn-primary\" \/> <input type=\"reset\" class=\"btn btn-primary\" value=\"\u30ea\u30bb\u30c3\u30c8\"><\/p>\n<\/div>\n<div class=\"wpcf7-response-output wpcf7-display-none\"><\/div><\/form><\/div>\n<\/div>\n<div class=\"col-md-6\">\n<h2 class=\"top-title\">\u500b\u4eba\u60c5\u5831\u306e\u4fdd\u8b77\u306b\u3064\u3044\u3066<\/h2>\n<p>\u304a\u5ba2\u69d8\u306b\u3054\u8a18\u5165\u3044\u305f\u3060\u3044\u305f\u500b\u4eba\u60c5\u5831\u306f\u3001\u4ee5\u4e0b\u306e\u76ee\u7684\u3067\u5229\u7528\u3044\u305f\u3057\u307e\u3059\u3002\u3054\u78ba\u8a8d\u304f\u3060\u3055\u3044\u3002\u5f53\u793e\u3067\u306f\u3001\u304a\u5ba2\u69d8\u306e\u500b\u4eba\u60c5\u5831\u3092\u4e0d\u52d5\u7523\u306e\u58f2\u8cb7\u30fb\u4ef2\u4ecb\u30fb\u8cc3\u8cb8\u30fb\u7ba1\u7406\u30fb\u305d\u306e\u4ed6\u306e\u4e8b\u696d\u3092\u3059\u308b\u306b\u3068\u3082\u306a\u3044\u3001\u5404\u7a2e\u8cc7\u6599\u3001\u3054\u6848\u5185\u7b49\u306e\u914d\u4fe1\u3001\u9001\u4ed8\u3001\u304a\u5c4a\u3051\u3001\u3054\u9023\u7d61\u3001\u8a2a\u554f\u3001\u304a\u6253\u5408\u308f\u305b\u3001\u3054\u63d0\u6848\u3001\u30a2\u30f3\u30b1\u30fc\u30c8\u8abf\u67fb\u7b49\u306e\u5b9f\u65bd\u3001\u96c6\u8a08\u3001\u6d3b\u7528\u3001\u305d\u306e\u4ed6\u3001\u55b6\u696d\u6d3b\u52d5\u3092\u884c\u306a\u3046\u76ee\u7684\u3067\u5229\u7528\u3057\u307e\u3059\u3002<\/p>\n<div class=\"list-group\">\n<p class=\"list-group-item\"><a href=\".\/?page_id=366\" target=\"_blank\" rel=\"noopener\">\u8a73\u3057\u304f\u306f\u500b\u4eba\u60c5\u5831\u4fdd\u8b77\u306e\u30da\u30fc\u30b8\u306b\u3066<\/a><\/p>\n<\/div>\n<h2 class=\"top-title\">\u3054\u6ce8\u610f\u4e8b\u9805<\/h2>\n<p>\u306a\u304a\u30011\u9031\u9593\u7a0b\u305f\u3063\u3066\u3082\u3001\u30e1\u30fc\u30eb\u3084\u96fb\u8a71\u3067\u306e\u8fd4\u4fe1\u304c\u306a\u3044\u5834\u5408\u306b\u306f\u9001\u4fe1\u304c\u6b63\u5e38\u306b\u5b8c\u4e86\u3057\u3066\u3044\u306a\u3044\u53ef\u80fd\u6027\u304c\u3042\u308a\u307e\u3059\u3002\u304a\u624b\u6570\u3092\u304a\u304b\u3051\u3044\u305f\u3057\u307e\u3059\u304c\u3001\u518d\u5ea6\u3001\u9001\u4fe1\u304f\u3060\u3055\u308b\u304b\u4e0b\u8a18\u306e\u9023\u7d61\u5148\u306b\u76f4\u63a5\u304a\u554f\u5408\u305b\u3092\u304a\u9858\u3044\u3044\u305f\u3057\u307e\u3059\u3002<\/p>\n<div class=\"list-group\">\n<p class=\"list-group-item\"><span class=\"glyphicon glyphicon-earphone\">\u3000<\/span>: <a href=\"tel:0120085145\">0120-08-5145<\/a><\/p>\n<p class=\"list-group-item\"><span class=\"glyphicon glyphicon-envelope\">\u3000<\/span>: <a href=\"mailto:info@fudousan-j.com\">info@fudousan-j.com<\/a><\/p>\n<\/div>\n<h2 class=\"top-title\">\u4e0d\u52d5\u7523\u60c5\u5831\u9928\u3078\u306e\u884c\u304d\u65b9<\/h2>\n<div class=\"row\">\n<div class=\"col-xs-12\">\n<div class=\"text-left\">\n<h3><i class=\"fa fa-car\"><\/i>\u3000\u81ea\u52d5\u8eca\u3092\u3054\u5229\u7528\u306e\u5834\u5408<\/h3>\n<p>\u5e38\u78d0\u81ea\u52d5\u8eca\u9053\u3000\u6c34\u6238IC\u3000\u7d0420\u5206<br \/>\n\u5317\u95a2\u6771\u81ea\u52d5\u8eca\u9053\u3000\u6c34\u6238\u5357IC\u3088\u308a\u3000\u7d0415\u5206\n<\/p><\/div>\n<hr \/>\n<div class=\"text-left\">\n<h3><i class=\"fa fa-train\"><\/i>\u3000\u96fb\u8eca\u3092\u3054\u5229\u7528\u306e\u5834\u5408<\/h3>\n<p>JR\u5e38\u78d0\u7dda\u6c34\u6238\u99c5\u306b\u3066\u4e0b\u8eca<br \/>\n\u5f92\u6b69\u7d0415\u5206(\u7d041.2km)\n<\/p><\/div>\n<\/div>\n<\/div>\n<\/div>\n","protected":false},"excerpt":{"rendered":"<p>\u500b\u4eba\u60c5\u5831\u306e\u4fdd\u8b77\u306b\u3064\u3044\u3066 \u304a\u5ba2\u69d8\u306b\u3054\u8a18\u5165\u3044\u305f\u3060\u3044\u305f\u500b\u4eba\u60c5\u5831\u306f\u3001\u4ee5\u4e0b\u306e\u76ee\u7684\u3067\u5229\u7528\u3044\u305f\u3057\u307e\u3059\u3002\u3054\u78ba\u8a8d\u304f\u3060\u3055\u3044\u3002\u5f53\u793e\u3067\u306f\u3001\u304a\u5ba2\u69d8\u306e\u500b\u4eba\u60c5\u5831\u3092\u4e0d\u52d5\u7523\u306e\u58f2\u8cb7\u30fb\u4ef2\u4ecb\u30fb\u8cc3\u8cb8\u30fb\u7ba1\u7406\u30fb\u305d\u306e\u4ed6\u306e\u4e8b\u696d\u3092\u3059\u308b\u306b\u3068\u3082\u306a\u3044\u3001\u5404\u7a2e\u8cc7\u6599\u3001\u3054\u6848\u5185\u7b49\u306e\u914d\u4fe1\u3001\u2026<\/p>\n","protected":false},"author":2,"featured_media":0,"parent":0,"menu_order":0,"comment_status":"closed","ping_status":"closed","template":"","meta":{"footnotes":""},"_links":{"self":[{"href":"https:\/\/fudousan-j.com\/index.php?rest_route=\/wp\/v2\/pages\/660"}],"collection":[{"href":"https:\/\/fudousan-j.com\/index.php?rest_route=\/wp\/v2\/pages"}],"about":[{"href":"https:\/\/fudousan-j.com\/index.php?rest_route=\/wp\/v2\/types\/page"}],"author":[{"embeddable":true,"href":"https:\/\/fudousan-j.com\/index.php?rest_route=\/wp\/v2\/users\/2"}],"replies":[{"embeddable":true,"href":"https:\/\/fudousan-j.com\/index.php?rest_route=%2Fwp%2Fv2%2Fcomments&post=660"}],"version-history":[{"count":7,"href":"https:\/\/fudousan-j.com\/index.php?rest_route=\/wp\/v2\/pages\/660\/revisions"}],"predecessor-version":[{"id":66589,"href":"https:\/\/fudousan-j.com\/index.php?rest_route=\/wp\/v2\/pages\/660\/revisions\/66589"}],"wp:attachment":[{"href":"https:\/\/fudousan-j.com\/index.php?rest_route=%2Fwp%2Fv2%2Fmedia&parent=660"}],"curies":[{"name":"wp","href":"https:\/\/api.w.org\/{rel}","templated":true}]}}